{"id":11,"date":"2025-10-13T01:22:33","date_gmt":"2025-10-13T01:22:33","guid":{"rendered":"https:\/\/acdig.com.br\/?page_id=11"},"modified":"2025-10-19T02:33:59","modified_gmt":"2025-10-19T05:33:59","slug":"home","status":"publish","type":"page","link":"https:\/\/acdig.com.br\/","title":{"rendered":"Home"},"content":{"rendered":"\t\t<div data-elementor-type=\"wp-page\" data-elementor-id=\"11\" class=\"elementor elementor-11\">\n\t\t\t\t<div class=\"elementor-element elementor-element-9696ac3 e-flex e-con-boxed e-con e-parent\" data-id=\"9696ac3\" data-element_type=\"container\">\n\t\t\t\t\t<div class=\"e-con-inner\">\n\t\t<div class=\"elementor-element elementor-element-43b6caa e-con-full e-flex e-con e-child\" data-id=\"43b6caa\" data-element_type=\"container\">\n\t\t<div class=\"elementor-element elementor-element-2241b1e e-con-full e-flex e-con e-child\" data-id=\"2241b1e\" data-element_type=\"container\">\n\t\t<div class=\"elementor-element elementor-element-04e79ec e-con-full e-flex e-con e-child\" data-id=\"04e79ec\" data-element_type=\"container\">\n\t\t\t\t<div class=\"elementor-element elementor-element-69a57a9 elementor-widget elementor-widget-heading\" data-id=\"69a57a9\" data-element_type=\"widget\" data-widget_type=\"heading.default\">\n\t\t\t\t<div class=\"elementor-widget-container\">\n\t\t\t\t\t<h2 class=\"elementor-heading-title elementor-size-default\">SEU SITE <span style=\"color:#39FF14\">PROFISSIONAL<\/span>\npor apenas R$ 490,00*<\/h2>\t\t\t\t<\/div>\n\t\t\t\t<\/div>\n\t\t\t\t<div class=\"elementor-element elementor-element-0fa3572 elementor-hidden-tablet elementor-hidden-mobile elementor-widget elementor-widget-heading\" data-id=\"0fa3572\" data-element_type=\"widget\" data-widget_type=\"heading.default\">\n\t\t\t\t<div class=\"elementor-widget-container\">\n\t\t\t\t\t<h3 class=\"elementor-heading-title elementor-size-default\">Mega oportunidade, aumente a credibilidade da sua empresa e traga mais clientes at\u00e9 voc\u00ea!<\/h3>\t\t\t\t<\/div>\n\t\t\t\t<\/div>\n\t\t\t\t<div class=\"elementor-element elementor-element-1ab6dd5 elementor-align-center elementor-tablet-align-justify elementor-mobile-align-justify elementor-hidden-tablet elementor-hidden-mobile elementor-widget elementor-widget-button\" data-id=\"1ab6dd5\" data-element_type=\"widget\" data-widget_type=\"button.default\">\n\t\t\t\t<div class=\"elementor-widget-container\">\n\t\t\t\t\t\t\t\t\t<div class=\"elementor-button-wrapper\">\n\t\t\t\t\t<a class=\"elementor-button elementor-button-link elementor-size-sm\" href=\"#\">\n\t\t\t\t\t\t<span class=\"elementor-button-content-wrapper\">\n\t\t\t\t\t\t\t\t\t<span class=\"elementor-button-text\">QUERO MEU SITE AGORA!<\/span>\n\t\t\t\t\t<\/span>\n\t\t\t\t\t<\/a>\n\t\t\t\t<\/div>\n\t\t\t\t\t\t\t\t<\/div>\n\t\t\t\t<\/div>\n\t\t\t\t<\/div>\n\t\t<div class=\"elementor-element elementor-element-9ad515e e-con-full e-flex e-con e-child\" data-id=\"9ad515e\" data-element_type=\"container\">\n\t\t\t\t<div class=\"elementor-element elementor-element-dccace5 elementor-widget__width-initial elementor-widget-tablet__width-initial elementor-widget elementor-widget-image\" data-id=\"dccace5\" data-element_type=\"widget\" data-widget_type=\"image.default\">\n\t\t\t\t<div class=\"elementor-widget-container\">\n\t\t\t\t\t\t\t\t\t\t\t\t\t\t\t<img fetchpriority=\"high\" decoding=\"async\" width=\"800\" height=\"725\" src=\"https:\/\/acdig.com.br\/wp-content\/uploads\/2025\/10\/Construcao-de-sites.png\" class=\"attachment-large size-large wp-image-131\" alt=\"\" srcset=\"https:\/\/acdig.com.br\/wp-content\/uploads\/2025\/10\/Construcao-de-sites.png 837w, https:\/\/acdig.com.br\/wp-content\/uploads\/2025\/10\/Construcao-de-sites-300x272.png 300w, https:\/\/acdig.com.br\/wp-content\/uploads\/2025\/10\/Construcao-de-sites-768x696.png 768w\" sizes=\"(max-width: 800px) 100vw, 800px\" \/>\t\t\t\t\t\t\t\t\t\t\t\t\t\t\t<\/div>\n\t\t\t\t<\/div>\n\t\t\t\t<\/div>\n\t\t\t\t<\/div>\n\t\t<div class=\"elementor-element elementor-element-2d4edcd e-con-full elementor-hidden-desktop e-flex e-con e-child\" data-id=\"2d4edcd\" data-element_type=\"container\">\n\t\t\t\t<div class=\"elementor-element elementor-element-7df11d1 elementor-widget elementor-widget-heading\" data-id=\"7df11d1\" data-element_type=\"widget\" data-widget_type=\"heading.default\">\n\t\t\t\t<div class=\"elementor-widget-container\">\n\t\t\t\t\t<h3 class=\"elementor-heading-title elementor-size-default\">Mega oportunidade, aumente a credibilidade da sua empresa e traga mais clientes at\u00e9 voc\u00ea!<\/h3>\t\t\t\t<\/div>\n\t\t\t\t<\/div>\n\t\t\t\t<div class=\"elementor-element elementor-element-1d633a9 elementor-align-center elementor-tablet-align-justify elementor-mobile-align-justify elementor-widget elementor-widget-button\" data-id=\"1d633a9\" data-element_type=\"widget\" data-widget_type=\"button.default\">\n\t\t\t\t<div class=\"elementor-widget-container\">\n\t\t\t\t\t\t\t\t\t<div class=\"elementor-button-wrapper\">\n\t\t\t\t\t<a class=\"elementor-button elementor-button-link elementor-size-sm\" href=\"#\">\n\t\t\t\t\t\t<span class=\"elementor-button-content-wrapper\">\n\t\t\t\t\t\t\t\t\t<span class=\"elementor-button-text\">QUERO MEU SITE AGORA!<\/span>\n\t\t\t\t\t<\/span>\n\t\t\t\t\t<\/a>\n\t\t\t\t<\/div>\n\t\t\t\t\t\t\t\t<\/div>\n\t\t\t\t<\/div>\n\t\t\t\t<\/div>\n\t\t\t\t<\/div>\n\t\t\t\t\t<\/div>\n\t\t\t\t<\/div>\n\t\t<div class=\"elementor-element elementor-element-5ffe543 e-flex e-con-boxed e-con e-parent\" data-id=\"5ffe543\" data-element_type=\"container\">\n\t\t\t\t\t<div class=\"e-con-inner\">\n\t\t\t\t\t<\/div>\n\t\t\t\t<\/div>\n\t\t\t\t<\/div>\n\t\t","protected":false},"excerpt":{"rendered":"<p>SEU SITE PROFISSIONAL por apenas R$ 490,00* Mega oportunidade, aumente a credibilidade da sua empresa e traga mais clientes at\u00e9 voc\u00ea! QUERO MEU SITE AGORA! Mega oportunidade, aumente a credibilidade da sua empresa e traga mais clientes at\u00e9 voc\u00ea! QUERO MEU SITE AGORA!<\/p>\n","protected":false},"author":1,"featured_media":0,"parent":0,"menu_order":0,"comment_status":"closed","ping_status":"closed","template":"elementor_header_footer","meta":{"footnotes":""},"class_list":["post-11","page","type-page","status-publish","hentry"],"_hostinger_reach_plugin_has_subscription_block":false,"_hostinger_reach_plugin_is_elementor":false,"_links":{"self":[{"href":"https:\/\/acdig.com.br\/index.php?rest_route=\/wp\/v2\/pages\/11","targetHints":{"allow":["GET"]}}],"collection":[{"href":"https:\/\/acdig.com.br\/index.php?rest_route=\/wp\/v2\/pages"}],"about":[{"href":"https:\/\/acdig.com.br\/index.php?rest_route=\/wp\/v2\/types\/page"}],"author":[{"embeddable":true,"href":"https:\/\/acdig.com.br\/index.php?rest_route=\/wp\/v2\/users\/1"}],"replies":[{"embeddable":true,"href":"https:\/\/acdig.com.br\/index.php?rest_route=%2Fwp%2Fv2%2Fcomments&post=11"}],"version-history":[{"count":118,"href":"https:\/\/acdig.com.br\/index.php?rest_route=\/wp\/v2\/pages\/11\/revisions"}],"predecessor-version":[{"id":212,"href":"https:\/\/acdig.com.br\/index.php?rest_route=\/wp\/v2\/pages\/11\/revisions\/212"}],"wp:attachment":[{"href":"https:\/\/acdig.com.br\/index.php?rest_route=%2Fwp%2Fv2%2Fmedia&parent=11"}],"curies":[{"name":"wp","href":"https:\/\/api.w.org\/{rel}","templated":true}]}}